{"id":5713,"date":"2018-09-21T11:11:19","date_gmt":"2018-09-21T10:11:19","guid":{"rendered":"https:\/\/visionar.design\/blog\/?page_id=5713"},"modified":"2018-09-21T11:34:41","modified_gmt":"2018-09-21T10:34:41","slug":"legal-and-privacy","status":"publish","type":"page","link":"https:\/\/visionar.design\/blog\/legal-and-privacy\/","title":{"rendered":"Legal and Privacy"},"content":{"rendered":"<h3>LEGAL AND PRIVACY<\/h3>\n<h3><\/h3>\n<h3>Legal Statement<\/h3>\n<p>The Vision\u00e4r website, including all text, HTML, scripts, and images are copyright 2005-2018. All rights reserved. Any replication, modification, or copy of any part of this website without the prior, written consent of Vision\u00e4r is prohibited. This copyright notice applies to site visitors, clients and non-clients.<\/p>\n<p>The graphic Vision\u00e4r logo is a registered mark of Vision\u00e4r. \u00e4rspace is a trademark of Vision\u00e4r. All other trademarks are the property of their respective owners. Vision\u00e4r marks may only be used with the permission of Vision\u00e4r.<\/p>\n<h3><\/h3>\n<h3>Privacy policy<\/h3>\n<p>Vision\u00e4r respects the privacy of every individual who visits our website. This privacy statement provides notice of the standards and terms under which Vision\u00e4r protects the privacy of information supplied by visitors to Vision\u00e4r.design. This privacy statement provides notice of our information collection practices and of the ways in which your information may be used. This policy may change from time to time, so please check back periodically to review this information.<\/p>\n<h4>A. Personally-Identifiable Information:<\/h4>\n<p>Vision\u00e4r typically receives specific data about its website visitors only when such information is provided voluntarily, such as when our visitors request information, provide resume information for employment opportunities, or send us e-mail. Of course, some of these activities require that you give us information, such as when you request certain types of information. When you provide personally-identifiable information to Vision\u00e4r through one of our websites, it will be used to fulfil your specific request. You may also request that Vision\u00e4r not use your information by sending an e-mail to opt-out@visionar.design, however, Vision\u00e4r reserves the right, in its discretion, to send you bulletins and other important information about the services Vision\u00e4r provides. Absent any instructions from you, Vision\u00e4r may use the information you provide to inform you about additional services and products we offer. Vision\u00e4r will not, however, sell or trade your personally-identifiable information unless we are authorized or legally required to do so, or in the case of imminent physical harm to the visitor or others. Where you voluntarily offer any feedback, data, answers, questions, comments, suggestions, ideas or the like, Vision\u00e4r will treat that portion of the information as non-confidential and non-proprietary and, except as otherwise expressed in this privacy statement, Vision\u00e4r assumes no obligation to protect such information from disclosure.<\/p>\n<h4>B. Non-Personally-Identifiable (Generic) Information:<\/h4>\n<p>In general, Vision\u00e4r gathers some generic information automatically. Generic information does not reveal the identity of the visitor. It usually includes information about the Internet address assigned to your computer, the number and frequency of visitors, and the Vision\u00e4r sites visited. Vision\u00e4r gathers this information for the limited purpose of determining customer service and website needs. We accomplish this by using certain technologies, including &#8220;cookies&#8221; (a technology that can be used to provide the visitor with tailored information about Vision\u00e4r). Vision\u00e4r does not combine information collected in this way with any personally-identifiable information. You can set your browser to notify you when you receive a cookie and you can refuse it; this may, however, reduce the functionality of certain website features.<\/p>\n<p>&nbsp;<\/p>\n<p>&nbsp;<\/p>\n<section id=\"easyCookie\" class=\"ec-fixed  ec-icon ec-black  ec-double-btn\" data-expiresdays=\"180\">\n\t\t<div>\n\t\t\t<div class=\"ec-infos\">\n\t\t\t\tHave a cookie \/\/ We use cookies to ensure that we give you the best experience on our website.\n\t\t\t<\/div>\n\t\t\t<div class=\"ec-btns\">\n\t\t\t\t<a href=\"#\" class=\"ec-accept\">OK. THANKS<\/a>\n\t\t\t\t<a href=\"https:\/\/visionar.design\/blog\/legal-and-privacy\" class=\"ec-empty\">More info<\/a>\n\t\t\t<\/div>\n\t\t<\/div>\n\t<\/section>","protected":false},"excerpt":{"rendered":"<p>LEGAL AND PRIVACY Legal Statement The Vision\u00e4r website, including all text, HTML, scripts, and images are copyright 2005-2018. All rights reserved. Any replication, modification, or copy of any part of this website without the prior, written consent of Vision\u00e4r is prohibited. This copyright notice applies to site visitors, clients and non-clients. The graphic Vision\u00e4r logo&hellip;<\/p>\n","protected":false},"author":1,"featured_media":0,"parent":0,"menu_order":0,"comment_status":"closed","ping_status":"closed","template":"","meta":[],"_links":{"self":[{"href":"https:\/\/visionar.design\/blog\/wp-json\/wp\/v2\/pages\/5713"}],"collection":[{"href":"https:\/\/visionar.design\/blog\/wp-json\/wp\/v2\/pages"}],"about":[{"href":"https:\/\/visionar.design\/blog\/wp-json\/wp\/v2\/types\/page"}],"author":[{"embeddable":true,"href":"https:\/\/visionar.design\/blog\/wp-json\/wp\/v2\/users\/1"}],"replies":[{"embeddable":true,"href":"https:\/\/visionar.design\/blog\/wp-json\/wp\/v2\/comments?post=5713"}],"version-history":[{"count":7,"href":"https:\/\/visionar.design\/blog\/wp-json\/wp\/v2\/pages\/5713\/revisions"}],"predecessor-version":[{"id":5720,"href":"https:\/\/visionar.design\/blog\/wp-json\/wp\/v2\/pages\/5713\/revisions\/5720"}],"wp:attachment":[{"href":"https:\/\/visionar.design\/blog\/wp-json\/wp\/v2\/media?parent=5713"}],"curies":[{"name":"wp","href":"https:\/\/api.w.org\/{rel}","templated":true}]}}